{"id":8,"date":"2018-10-15T18:22:38","date_gmt":"2018-10-15T16:22:38","guid":{"rendered":"http:\/\/www.vitrac-gestion.fr\/?page_id=8"},"modified":"2018-10-16T10:36:23","modified_gmt":"2018-10-16T08:36:23","slug":"offre","status":"publish","type":"page","link":"https:\/\/www.vitrac-gestion.fr\/index.php\/offre\/","title":{"rendered":"Notre offre"},"content":{"rendered":"<h1><strong>Nous n&#8217;intervenons que sur des sujets pour lesquels nous disposons de r\u00e9f\u00e9rences<\/strong><\/h1>\n<ul>\n<li><strong>Business Process<\/strong> : r\u00e9organisation, externalisation<\/li>\n<li><strong>Strat\u00e9gie<\/strong> : diagnostic et pr\u00e9conisations<\/li>\n<li><strong>Transformation<\/strong> : plan d&#8217;action et conduite de Projet<\/li>\n<li><strong>Fusions &amp; Acquisitions<\/strong> : cession de filiales, cr\u00e9ation de groupe par build-up,&#8230;<\/li>\n<li><strong>Corporate Finance<\/strong> : pr\u00e9visions de tr\u00e9sorerie, accompagnement dans la recherche de financements courts (concours bancaires) et longs (lev\u00e9es de fonds)<\/li>\n<\/ul>\n","protected":false},"excerpt":{"rendered":"<p>Nous n&#8217;intervenons que sur des sujets pour lesquels nous disposons de r\u00e9f\u00e9rences Business Process : r\u00e9organisation, externalisation Strat\u00e9gie : diagnostic et pr\u00e9conisations Transformation : plan d&#8217;action et conduite de Projet Fusions &amp; Acquisitions : cession de filiales, cr\u00e9ation de groupe par build-up,&#8230; Corporate Finance : pr\u00e9visions de tr\u00e9sorerie, accompagnement dans la recherche de financements courts &hellip; <\/p>\n<p class=\"link-more\"><a href=\"https:\/\/www.vitrac-gestion.fr\/index.php\/offre\/\" class=\"more-link\">Continue reading<span class=\"screen-reader-text\"> &#8220;Notre offre&#8221;<\/span><\/a><\/p>\n","protected":false},"author":1,"featured_media":0,"parent":0,"menu_order":0,"comment_status":"closed","ping_status":"closed","template":"","meta":{"_mi_skip_tracking":false},"_links":{"self":[{"href":"https:\/\/www.vitrac-gestion.fr\/index.php\/wp-json\/wp\/v2\/pages\/8"}],"collection":[{"href":"https:\/\/www.vitrac-gestion.fr\/index.php\/wp-json\/wp\/v2\/pages"}],"about":[{"href":"https:\/\/www.vitrac-gestion.fr\/index.php\/wp-json\/wp\/v2\/types\/page"}],"author":[{"embeddable":true,"href":"https:\/\/www.vitrac-gestion.fr\/index.php\/wp-json\/wp\/v2\/users\/1"}],"replies":[{"embeddable":true,"href":"https:\/\/www.vitrac-gestion.fr\/index.php\/wp-json\/wp\/v2\/comments?post=8"}],"version-history":[{"count":6,"href":"https:\/\/www.vitrac-gestion.fr\/index.php\/wp-json\/wp\/v2\/pages\/8\/revisions"}],"predecessor-version":[{"id":60,"href":"https:\/\/www.vitrac-gestion.fr\/index.php\/wp-json\/wp\/v2\/pages\/8\/revisions\/60"}],"wp:attachment":[{"href":"https:\/\/www.vitrac-gestion.fr\/index.php\/wp-json\/wp\/v2\/media?parent=8"}],"curies":[{"name":"wp","href":"https:\/\/api.w.org\/{rel}","templated":true}]}}